{"id":494,"date":"2024-02-04T00:38:40","date_gmt":"2024-02-04T00:38:40","guid":{"rendered":"https:\/\/inmobiliariamagna.com\/?page_id=494"},"modified":"2024-02-04T00:39:39","modified_gmt":"2024-02-04T00:39:39","slug":"aviso-de-privacidad","status":"publish","type":"page","link":"https:\/\/inmobiliariamagna.com\/index.php\/aviso-de-privacidad\/","title":{"rendered":"Aviso de Privacidad"},"content":{"rendered":"\t\t<div data-elementor-type=\"wp-page\" data-elementor-id=\"494\" class=\"elementor elementor-494\" data-elementor-post-type=\"page\">\n\t\t\t\t<div class=\"elementor-element elementor-element-cd6e33c e-flex e-con-boxed e-con e-parent\" data-id=\"cd6e33c\" data-element_type=\"container\" data-e-type=\"container\">\n\t\t\t\t\t<div class=\"e-con-inner\">\n\t\t<div class=\"elementor-element elementor-element-1f6e958 e-con-full e-flex e-con e-child\" data-id=\"1f6e958\" data-element_type=\"container\" data-e-type=\"container\" data-settings=\"{&quot;background_background&quot;:&quot;classic&quot;}\">\n\t\t\t\t<\/div>\n\t\t<div class=\"elementor-element elementor-element-028669a e-con-full e-flex e-con e-child\" data-id=\"028669a\" data-element_type=\"container\" data-e-type=\"container\">\n\t\t\t\t<\/div>\n\t\t\t\t\t<\/div>\n\t\t\t\t<\/div>\n\t\t<div class=\"elementor-element elementor-element-4065414 e-flex e-con-boxed e-con e-parent\" data-id=\"4065414\" data-element_type=\"container\" data-e-type=\"container\">\n\t\t\t\t\t<div class=\"e-con-inner\">\n\t\t\t\t<div class=\"elementor-element elementor-element-4df7b57 elementor-widget elementor-widget-heading\" data-id=\"4df7b57\" data-element_type=\"widget\" data-e-type=\"widget\" data-widget_type=\"heading.default\">\n\t\t\t\t<div class=\"elementor-widget-container\">\n\t\t\t\t\t<h2 class=\"elementor-heading-title elementor-size-default\">Aviso de Privacidad<\/h2>\t\t\t\t<\/div>\n\t\t\t\t<\/div>\n\t\t\t\t\t<\/div>\n\t\t\t\t<\/div>\n\t\t<div class=\"elementor-element elementor-element-76757b1 e-flex e-con-boxed e-con e-parent\" data-id=\"76757b1\" data-element_type=\"container\" data-e-type=\"container\">\n\t\t\t\t\t<div class=\"e-con-inner\">\n\t\t\t\t<div class=\"elementor-element elementor-element-74ae977 elementor-widget elementor-widget-text-editor\" data-id=\"74ae977\" data-element_type=\"widget\" data-e-type=\"widget\" data-widget_type=\"text-editor.default\">\n\t\t\t\t<div class=\"elementor-widget-container\">\n\t\t\t\t\t\t\t\t\t<p>De conformidad con lo establecido en la Ley Federal de Protecci\u00f3n de Datos Personales en Posesi\u00f3n de los Particulares, <strong>Alfa Inmobiliaria Magna<\/strong> pone a su disposici\u00f3n el siguiente aviso de privacidad:<\/p>\t\t\t\t\t\t\t\t<\/div>\n\t\t\t\t<\/div>\n\t\t\t\t<div class=\"elementor-element elementor-element-d549af0 elementor-widget elementor-widget-text-editor\" data-id=\"d549af0\" data-element_type=\"widget\" data-e-type=\"widget\" data-widget_type=\"text-editor.default\">\n\t\t\t\t<div class=\"elementor-widget-container\">\n\t\t\t\t\t\t\t\t\t<p><strong>Alfa Inmobiliaria Magna, <\/strong>es responsable del uso y protecci\u00f3n de sus datos personales, en este sentido y atendiendo las obligaciones legales establecidas en la Ley Federal de Protecci\u00f3n de Datos Personales en Posesi\u00f3n de los Particulares, a trav\u00e9s de este instrumento se informa a los titulares de los datos, la informaci\u00f3n que de ellos se recaba y los fines que se le dar\u00e1n a dicha informaci\u00f3n.<\/p><p>Adem\u00e1s de lo anterior, informamos a usted que <strong>Alfa Inmobiliaria Magna,<\/strong> tiene su domicilio ubicado en:<\/p><p><br \/>Circuito Mossa 150 Fracc. Amberes Le\u00f3n, Gto. C.P. 37235<\/p><p>Los datos personales que recabamos de usted ser\u00e1n utilizados para las siguientes finalidades, las cuales son necesarias para concretar nuestra relaci\u00f3n con usted, as\u00ed como para atender los servicios y\/o pedidos que solicite:<\/p>\t\t\t\t\t\t\t\t<\/div>\n\t\t\t\t<\/div>\n\t\t\t\t\t<\/div>\n\t\t\t\t<\/div>\n\t\t<div class=\"elementor-element elementor-element-c781618 e-flex e-con-boxed e-con e-parent\" data-id=\"c781618\" data-element_type=\"container\" data-e-type=\"container\">\n\t\t\t\t\t<div class=\"e-con-inner\">\n\t\t\t\t<div class=\"elementor-element elementor-element-d4d3404 elementor-widget elementor-widget-text-editor\" data-id=\"d4d3404\" data-element_type=\"widget\" data-e-type=\"widget\" data-widget_type=\"text-editor.default\">\n\t\t\t\t<div class=\"elementor-widget-container\">\n\t\t\t\t\t\t\t\t\t<p>Servicios de intermediaci\u00f3n inmobiliaria, publicidad de inmuebles en venta o renta, informaci\u00f3n sobre cr\u00e9ditos hipotecarios.<\/p>\n<p>Para llevar a cabo las finalidades descritas en el presente aviso de privacidad, utilizaremos los siguientes datos personales:<\/p>\n<p>Nombre, apellido, tel\u00e9fono, correo electr\u00f3nico, CURP<\/p>\t\t\t\t\t\t\t\t<\/div>\n\t\t\t\t<\/div>\n\t\t\t\t<div class=\"elementor-element elementor-element-95ad155 elementor-widget elementor-widget-text-editor\" data-id=\"95ad155\" data-element_type=\"widget\" data-e-type=\"widget\" data-widget_type=\"text-editor.default\">\n\t\t\t\t<div class=\"elementor-widget-container\">\n\t\t\t\t\t\t\t\t\t<p>Usted tiene en todo momento el derecho a conocer qu\u00e9 datos personales tenemos de usted, para qu\u00e9 los utilizamos y las condiciones del uso que les damos (Acceso). Asimismo, es su derecho solicitar la correcci\u00f3n de su informaci\u00f3n personal en caso de que est\u00e9 desactualizada, sea inexacta o incompleta (Rectificaci\u00f3n); de igual manera, tiene derecho a que su informaci\u00f3n se elimine de nuestros registros o bases de datos cuando considere que la misma no est\u00e1 siendo utilizada adecuadamente (Cancelaci\u00f3n); as\u00ed como tambi\u00e9n a oponerse al uso de sus datos personales para fines espec\u00edficos (Oposici\u00f3n). Estos derechos se conocen como derechos ARCO.<\/p><p>Para el ejercicio de cualquiera de los derechos ARCO, se deber\u00e1 presentar la solicitud respectiva a trav\u00e9s del siguiente correo electr\u00f3nico:<\/p><p>contacto@alfamagna.com<\/p><p>Lo anterior tambi\u00e9n servir\u00e1 para conocer el procedimiento y requisitos para el ejercicio de los derechos ARCO, no obstante, la solicitud de ejercicio de estos derechos debe contener la siguiente informaci\u00f3n:<\/p><p><br \/>Nombre, tel\u00e9fono, correo electr\u00f3nico, direcci\u00f3n<\/p><p>La respuesta a la solicitud se dar\u00e1 en el siguiente plazo: 20 d\u00edas h\u00e1biles, y se comunicar\u00e1 de la siguiente manera:<\/p><p><br \/>A trav\u00e9s del correo electr\u00f3nico que indique la solicitud<\/p>\t\t\t\t\t\t\t\t<\/div>\n\t\t\t\t<\/div>\n\t\t\t\t<div class=\"elementor-element elementor-element-65735f2 elementor-widget elementor-widget-text-editor\" data-id=\"65735f2\" data-element_type=\"widget\" data-e-type=\"widget\" data-widget_type=\"text-editor.default\">\n\t\t\t\t<div class=\"elementor-widget-container\">\n\t\t\t\t\t\t\t\t\t<p>El presente aviso de privacidad puede sufrir modificaciones, cambios o actualizaciones derivadas de nuevos requerimientos legales; de nuestras propias necesidades por los productos o servicios que ofrecemos; de nuestras pr\u00e1cticas de privacidad; de cambios en nuestro modelo de negocio, o por otras causas, por lo cual, nos comprometemos a mantenerlo informado sobre los cambios que pueda sufrir el presente aviso de privacidad, sin embargo, usted puede solicitar informaci\u00f3n sobre si el mismo ha sufrido alg\u00fan cambio a trav\u00e9s del siguiente correo electr\u00f3nico:<\/p><p>contacto@alfamagna.com<\/p>\t\t\t\t\t\t\t\t<\/div>\n\t\t\t\t<\/div>\n\t\t\t\t<div class=\"elementor-element elementor-element-ae7c8a6 elementor-widget elementor-widget-text-editor\" data-id=\"ae7c8a6\" data-element_type=\"widget\" data-e-type=\"widget\" data-widget_type=\"text-editor.default\">\n\t\t\t\t<div class=\"elementor-widget-container\">\n\t\t\t\t\t\t\t\t\t<p>\u00daltima actualizaci\u00f3n: 03\/02\/2024<\/p>\t\t\t\t\t\t\t\t<\/div>\n\t\t\t\t<\/div>\n\t\t\t\t\t<\/div>\n\t\t\t\t<\/div>\n\t\t\t\t<\/div>\n\t\t","protected":false},"excerpt":{"rendered":"<p>Aviso de Privacidad De conformidad con lo establecido en la Ley Federal de Protecci\u00f3n de Datos Personales en Posesi\u00f3n de los Particulares, Alfa Inmobiliaria Magna pone a su disposici\u00f3n el siguiente aviso de privacidad: Alfa Inmobiliaria Magna, es responsable del uso y protecci\u00f3n de sus datos personales, en este sentido y atendiendo las obligaciones legales [&hellip;]<\/p>\n","protected":false},"author":1,"featured_media":0,"parent":0,"menu_order":0,"comment_status":"closed","ping_status":"closed","template":"elementor_canvas","meta":{"footnotes":""},"class_list":["post-494","page","type-page","status-publish","hentry"],"_links":{"self":[{"href":"https:\/\/inmobiliariamagna.com\/index.php\/wp-json\/wp\/v2\/pages\/494","targetHints":{"allow":["GET"]}}],"collection":[{"href":"https:\/\/inmobiliariamagna.com\/index.php\/wp-json\/wp\/v2\/pages"}],"about":[{"href":"https:\/\/inmobiliariamagna.com\/index.php\/wp-json\/wp\/v2\/types\/page"}],"author":[{"embeddable":true,"href":"https:\/\/inmobiliariamagna.com\/index.php\/wp-json\/wp\/v2\/users\/1"}],"replies":[{"embeddable":true,"href":"https:\/\/inmobiliariamagna.com\/index.php\/wp-json\/wp\/v2\/comments?post=494"}],"version-history":[{"count":28,"href":"https:\/\/inmobiliariamagna.com\/index.php\/wp-json\/wp\/v2\/pages\/494\/revisions"}],"predecessor-version":[{"id":522,"href":"https:\/\/inmobiliariamagna.com\/index.php\/wp-json\/wp\/v2\/pages\/494\/revisions\/522"}],"wp:attachment":[{"href":"https:\/\/inmobiliariamagna.com\/index.php\/wp-json\/wp\/v2\/media?parent=494"}],"curies":[{"name":"wp","href":"https:\/\/api.w.org\/{rel}","templated":true}]}}